{"id":4280,"date":"2023-09-12T04:44:19","date_gmt":"2023-09-12T04:44:19","guid":{"rendered":"http:\/\/aktionleben-tirol.org\/?page_id=4280"},"modified":"2025-12-09T19:46:32","modified_gmt":"2025-12-09T19:46:32","slug":"datenschutz","status":"publish","type":"page","link":"https:\/\/aktionleben-tirol.org\/index.php\/datenschutz\/","title":{"rendered":"Datenschutz"},"content":{"rendered":"<h2>Datenschutz<\/h2>\n<h2>Datenschutzerkl\u00e4rung gem\u00e4\u00df Artikel 13 und Artikel 14 DSGVO<\/h2>\n<p>Transparenz und die Wahrung Ihrer Datenschutzrechte sind uns wichtig! Die folgende Mitteilung beschreibt wie wir, aktion leben tirol, Riedgasse 9, 6020 Innsbruck, Ihre personenbezogenen Daten verarbeiten.<\/p>\n<p><strong>1. Unsere Kontaktdaten<\/strong>\u00a0Sollten Sie zu der Verarbeitung Ihrer personenbezogenen Daten Fragen oder Anliegen haben, wenden Sie sich bitte an uns: aktion leben tirol, Riedgasse 9, 6020 Innsbruck, E-Mail: info@aktionleben-tirol.org, Tel. 0512\/2230-4090<\/p>\n<p><strong>2. Zwecke der Verarbeitung und deren Rechtsgrundlagen<\/strong>\u00a0Alle unsere Datenverarbeitungen richten sich entsprechend unseren Vereinszwecken, festgelegt in unseren Statuten. Wir verwenden Ihre personenbezogenen Daten zu den folgenden Zwecken: Einwerbung von Spenden durch Neugewinnung und R\u00fcckgewinnung von SpenderInnen f\u00fcr Erf\u00fcllung der statutengem\u00e4\u00dfen\/satzungsgem\u00e4\u00dfen Organisationszwecke auf Grundlage von Artikel 6 lit f DSGVO (berechtigtes Interesse)<\/p>\n<p>1. Verwaltung erfolgter Spenden auf Grundlage von Artikel 6 lit b DSGVO (Vertragserf\u00fcllung)<\/p>\n<p>2. Vertragserf\u00fcllung hinsichtlich im Spendenshop get\u00e4tigter K\u00e4ufe bzw. Durchf\u00fchrung von vorvertraglichen Ma\u00dfnahmen auf Grundlage von Artikel 6 lit b DSGVO (Vertragserf\u00fcllung oder- vorbereitung)<\/p>\n<p>3. Verwaltung von aktiven und fr\u00fcheren Mitgliedern auf Grundlage von Artikel 6 lit b DSGVO (Vertragserf\u00fcllung)<\/p>\n<p>4. Verwaltung von aktiven und ehemaligen PartnerInnen auf Grundlage von Artikel 6 lit b DGVO (Vertragserf\u00fcllung)<\/p>\n<p>5. Einwerbung von PartnerInnenleistungen f\u00fcr Erf\u00fcllung der Organisationszwecke auf Grundlage von Artikel 6 lit f DSGVO (berechtigtes Interesse) 6. Erf\u00fcllung abgabenrechtlicher Verpflichtungen auf Grundlage von Artikel 6 lit c DSGVO iVm \u00a7 18 (8) Einkommensteuergesetz. Die Bereitstellung von Namensdaten und Bankverbindungsdaten ist f\u00fcr den Abschluss der Schenkungsvertr\u00e4ge (Spenden\/PartnerInnenleistungen) und aufgrund steuerrechtlicher Vorschriften sowie von Geldw\u00e4schebestimmungen erforderlich. Bei Nichtbereitstellung k\u00f6nnen Spenden und PartnerInnenleistungen nicht entgegengenommen werden und keine K\u00e4ufe im Spendenshop sowie keine Workshop- und Veranstaltungsbuchungen erfolgen. Die Bereitstellung von Namensdaten und Geburtsdaten ist zudem aufgrund der automatisierten Arbeitnehmerveranlagung erforderlich, wenn eine steuerliche Ber\u00fccksichtigung der Spenden geltend gemacht werden will. Bei Nichtbereitstellung k\u00f6nnen die Spenden steuerlich nicht als Sonderausgaben ber\u00fccksichtigt werden.<\/p>\n<p><strong>3. Zweck\u00e4nderungen<\/strong>\u00a0Personenbezogene Daten von SpenderInnen, PartnerInnen, Spendenshopk\u00e4uferInnen und Mitgliedern, die auf vertraglicher Grundlage verarbeitet werden, werden wir auch zu Zwecken der Direktwerbung auf der Rechtsgrundlage des berechtigten Interesses f\u00fcr die Organisationsziele verwenden. Ihre Daten werden keinem Dritten \u00fcberlassen!<\/p>\n<p><strong>4. Beschreibung des berechtigten Interesses<\/strong>\u00a0Personenbezogene Daten f\u00fcr die Zwecke der Einwerbung von Spenden, von PartnerInnenleistungen und f\u00fcr allgemeine Werbet\u00e4tigkeiten zur Erf\u00fcllung der Ziele der Organisation werden auf Grundlage des berechtigten Interesses der Organisation verarbeitet. Dadurch sollen die statutengem\u00e4\u00dfen bzw. satzungsgem\u00e4\u00dfen Organisationziele verwirklicht werden. Die Verarbeitung der personenbezogenen Daten zum Zwecke der Spendenwerbung stellt gem\u00e4\u00df Erw\u00e4gungsgrund 47 DSGVO ein berechtigtes Interesse dar, wenn die Verarbeitung f\u00fcr die Erf\u00fcllung des berechtigten Interesses erforderlich ist und den vern\u00fcnftigen Erwartungen des Betroffenen entspricht. Die Organisation verfolgt dabei im Interesse der \u00d6ffentlichkeit liegende Ziele gem\u00e4\u00df \u00a7 4a EStG bzw. \u00a7\u00a7 34 ff BAO. Die Erf\u00fcllung der von der \u00d6ffentlichkeit anerkannten Organisationsziele stellen somit berechtigte Interessen dar. Die Erf\u00fcllung dieser \u00f6ffentlich anerkannten Organisationsziele ist ohne Spenden nicht m\u00f6glich und somit erforderlich. Wir verarbeiten dabei personenbezogene Daten insbesondere um eine optimale Werbung zu erm\u00f6glichen, damit zielgerichtete Aktionen zur Erf\u00fcllung der Organisationsziele erfolgen k\u00f6nnen. Damit soll insbesondere auch den Interessen von SpenderInnen und PartnerInnen bestm\u00f6glich entsprochen und Streuverluste vermieden werden. Dies soll auch daf\u00fcr sorgen, dass eingeworbene finanzielle Mittel im Interesse s\u00e4mtlicher die Organisation unterst\u00fctzenden Personen m\u00f6glichst kostensparend eingesetzt werden k\u00f6nnen.<\/p>\n<p><strong>5. Verarbeitete Datenkategorien aufgrund des berechtigten Interesses<\/strong>\u00a0Folgende personenbezogene Daten werden auf der Grundlage unseres berechtigten Interesses gem\u00e4\u00df Artikel 6 lit f DSGVO verarbeitet:<\/p>\n<ul>\n<li>Stammdaten<\/li>\n<li>Kontaktdaten<\/li>\n<li>Interessen<\/li>\n<li>Kommunikationshistorie<\/li>\n<li>Nachfrageverhalten, Buchungen<\/li>\n<li>Pseudonymisierte Profile<\/li>\n<\/ul>\n<p><strong>6. Die \u00dcbermittlung Ihrer personenbezogenen Daten<\/strong>\u00a0Zu den oben genannten Zwecken werden wir Ihre personenbezogenen Daten an folgende Empf\u00e4ngerInnen \u00fcbermitteln:<\/p>\n<ul>\n<li>von uns eingesetzte IT-Dienstleister<\/li>\n<li>in pseudonymisierter Form an US-Dienstleister (Google Analytics) Folgende Daten werden im Zuge der Datenverarbeitung an Staaten au\u00dferhalb der EU \u00fcbermittelt: Anwendung: Google Analytics<\/li>\n<li>Land: USA (EU-US Privacy-Shield)<\/li>\n<li>Datenarten: anonymisierte IP Adresse, Websitetitel, browserspezifische Informationen, Informationen \u00fcber die Websitenutzung Das Datenschutzniveau von Google LLC ist gem\u00e4\u00df dem US-EU Privacy-Shield-Abkommen dem Datenschutzniveau der EU gleichwertig und es liegt ein dem europ\u00e4ischen Raum angemessenes Datenschutzniveau vor.<\/li>\n<\/ul>\n<p><strong>7. Speicherdauer<\/strong>\u00a0Ihre personenbezogenen Daten werden von uns nur so lange aufbewahrt, wie dies n\u00f6tig ist, um die unter Punkt 2 genannten Zwecke zu erreichen und wie dies nach anwendbarem Recht zul\u00e4ssig ist. Wir speichern Ihre personenbezogenen Daten zudem jedenfalls so lange gesetzliche Aufbewahrungsfristen bestehen oder Verj\u00e4hrungsfristen potenzieller Rechtsanspr\u00fcche noch nicht abgelaufen sind.<\/p>\n<p><strong>8. Ihre Rechte im Zusammenhang mit personenbezogenen Daten<\/strong>\u00a0Nach dem geltenden Recht sind Sie unter anderem berechtigt: (I) zu \u00fcberpr\u00fcfen, ob und welche personenbezogenen Daten wir von Ihnen gespeichert haben und Kopien dieser Daten zu erhalten. (II) die Einschr\u00e4nkung der Verarbeitung Ihrer personenbezogenen Daten zu verlangen. Dies hilft insbesondere dabei, dass wir Sie k\u00fcnftig nicht mehr kontaktieren. (III) die Berichtigung, Erg\u00e4nzung oder L\u00f6schung Ihrer personenbezogenen Daten, die falsch sind oder nicht rechtskonform verarbeitet werden, zu verlangen. Die L\u00f6schung Ihrer Daten kann erst dann erfolgen, wenn die gesetzlichen steuerrechtlichen Aufbewahrungsfristen abgelaufen sind. Bei einer L\u00f6schung Ihrer Daten kann zudem nicht verhindert werden, dass wir Sie k\u00fcnftig wieder kontaktieren. (IV) Sie haben zudem das Recht, der Verarbeitung zu Zwecken der Direktwerbung\/Spendenwerbung jederzeit zu widersprechen. Sofern Verarbeitung auf Ihrer Einwilligung erfolgt, k\u00f6nnen Sie diese jederzeit widerrufen. (V) Zudem k\u00f6nnen Sie f\u00fcr die Zwecke der Daten\u00fcbertragbarkeit, die uns von Ihnen zur Verf\u00fcgung gestellten Daten in einen strukturierten, g\u00e4ngigen und maschinenlesbaren Format erhalten bzw. sofern technisch m\u00f6glich, die \u00dcbertragung auf einen anderen Verantwortlichen verlangen. (VI) Sie haben zudem das Recht bei der zust\u00e4ndigen Aufsichtsbeh\u00f6rde Beschwerde zu erheben, wenn Sie der Ansicht sind, dass die Verarbeitung Ihrer Daten rechtswidrig erfolgt. Kontaktdaten der \u00f6sterreichischen Aufsichtsbeh\u00f6rde: \u00d6sterreichische Datenschutzbeh\u00f6rde Wickenburggasse 8-10 1080 Wien Telefon: +43 1 52 152-0 E-Mail:\u00a0<a href=\"mailto:dsb@dsb.gv.at\">dsb@dsb.gv.at<\/a><\/p>\n<p><strong>9. Webshop<\/strong>\u00a0Wir weisen darauf hin, dass zum Zweck des einfacheren Einkaufsvorganges und zur sp\u00e4teren Vertragsabwicklung vom Webshop-Betreiber im Rahmen von Cookies die IP-Daten des Anschlussinhabers gespeichert werden, ebenso wie Name, Anschrift und E-Mail-Adresse der K\u00e4uferin\/des K\u00e4ufers. Die von Ihnen bereit gestellten Daten sind zur Vertragserf\u00fcllung bzw. zur Durchf\u00fchrung vorvertraglicher Ma\u00dfnahmen erforderlich. Ohne diese Daten k\u00f6nnen wir den Vertrag mit Ihnen nicht abschlie\u00dfen. Eine Daten\u00fcbermittlung an Dritte erfolgt nicht, mit Ausnahme der \u00dcbermittlung an das von uns beauftragte Transportunternehmen\/ Versandunternehmen zur Zustellung der Ware sowie an unseren Steuerberater zur Erf\u00fcllung unserer steuerrechtlichen Verpflichtungen. Nach Abbruch des Einkaufsvorganges werden die bei uns gespeicherten Daten gel\u00f6scht. Im Falle eines Vertragsabschlusses werden s\u00e4mtliche Daten aus dem Vertragsverh\u00e4ltnis bis zum Ablauf der steuerrechtlichen Aufbewahrungsfrist gespeichert. Die Daten Name, Anschrift, gekaufte Waren und Kaufdatum werden dar\u00fcber hinaus gehend bis zum Ablauf der Produkthaftung (10 Jahre) gespeichert. Die Datenverarbeitung erfolgt auf Basis der gesetzlichen Bestimmungen des \u00a7 96 Abs 3 TKG sowie des Art 6 Abs 1 lit a (Einwilligung) und\/oder lit b (notwendig zur Vertragserf\u00fcllung) der DSGVO.<\/p>\n<p><strong>10. Cookies<\/strong>\u00a0Unsere Website verwendet so genannte Cookies. Dabei handelt es sich um kleine Textdateien, die mit Hilfe des Browsers auf Ihrem Endger\u00e4t abgelegt werden. Sie richten keinen Schaden an. Wir nutzen Cookies dazu, unser Angebot nutzerfreundlich zu gestalten. Einige Cookies bleiben auf Ihrem Endger\u00e4t gespeichert, bis Sie diese l\u00f6schen. Sie erm\u00f6glichen es uns, Ihren Browser beim n\u00e4chsten Besuch wiederzuerkennen. Wenn Sie dies nicht w\u00fcnschen, so k\u00f6nnen Sie Ihren Browser so einrichten, dass er Sie \u00fcber das Setzen von Cookies informiert und Sie dies nur im Einzelfall erlauben. Bei der Deaktivierung von Cookies kann die Funktionalit\u00e4t unserer Website eingeschr\u00e4nkt sein.<\/p>\n<p><strong>11. Newsletter<\/strong>\u00a0Sie haben die M\u00f6glichkeit, unseren Newsletter zu abonnieren. Hierf\u00fcr ben\u00f6tigen wir Ihre E-Mail-Adresse und Ihre Erkl\u00e4rung, dass Sie mit dem Bezug des Newsletters einverstanden sind. Sobald Sie sich f\u00fcr den Newsletter angemeldet haben, senden wir Ihnen ein Best\u00e4tigungs-E-Mail mit einem Link zur Best\u00e4tigung der Anmeldung. Sie k\u00f6nnen Ihre Erkl\u00e4rung jederzeit ohne Angabe von Gr\u00fcnden widerrufen. Senden Sie Ihre Abmeldung an folgende E-Mail-Adresse: info@aktionleben-tirol.org. Wir l\u00f6schen anschlie\u00dfend umgehend Ihre Daten im Zusammenhang mit dem Newsletter-Versand.<\/p>\n<p><strong>12. Links<\/strong>\u00a0Unsere Website enth\u00e4lt u. U. Links zu anderen Websites, auf die wir keinen Einfluss haben. Wir k\u00f6nnen keine Verantwortung f\u00fcr den Datenschutz oder den Inhalt dieser Websites \u00fcbernehmen. Zuletzt aktualisiert am: 16. Mai 2018<\/p>\n<p><strong>13. Spenden <\/strong>Sowohl unsere Spendenverwaltung als auch die Spendenwerbung liegt in der Verantwortung unseres Obmannes, Dr. Johann Hager!<\/p>\n","protected":false},"excerpt":{"rendered":"<p>Datenschutz Datenschutzerkl\u00e4rung gem\u00e4\u00df Artikel 13 und Artikel 14 DSGVO Transparenz und die Wahrung Ihrer Datenschutzrechte sind uns wichtig! Die folgende Mitteilung beschreibt wie wir, aktion leben<span class=\"excerpt-hellip\"> [\u2026]<\/span><\/p>\n","protected":false},"author":2,"featured_media":0,"parent":0,"menu_order":0,"comment_status":"closed","ping_status":"closed","template":"","meta":{"footnotes":""},"class_list":["post-4280","page","type-page","status-publish","hentry"],"_links":{"self":[{"href":"https:\/\/aktionleben-tirol.org\/index.php\/wp-json\/wp\/v2\/pages\/4280","targetHints":{"allow":["GET"]}}],"collection":[{"href":"https:\/\/aktionleben-tirol.org\/index.php\/wp-json\/wp\/v2\/pages"}],"about":[{"href":"https:\/\/aktionleben-tirol.org\/index.php\/wp-json\/wp\/v2\/types\/page"}],"author":[{"embeddable":true,"href":"https:\/\/aktionleben-tirol.org\/index.php\/wp-json\/wp\/v2\/users\/2"}],"replies":[{"embeddable":true,"href":"https:\/\/aktionleben-tirol.org\/index.php\/wp-json\/wp\/v2\/comments?post=4280"}],"version-history":[{"count":0,"href":"https:\/\/aktionleben-tirol.org\/index.php\/wp-json\/wp\/v2\/pages\/4280\/revisions"}],"wp:attachment":[{"href":"https:\/\/aktionleben-tirol.org\/index.php\/wp-json\/wp\/v2\/media?parent=4280"}],"curies":[{"name":"wp","href":"https:\/\/api.w.org\/{rel}","templated":true}]}}